{"id":141887,"date":"2025-10-15T07:13:26","date_gmt":"2025-10-15T11:13:26","guid":{"rendered":"https:\/\/www.n2growth.com\/?page_id=141887"},"modified":"2025-10-15T07:13:26","modified_gmt":"2025-10-15T11:13:26","slug":"congratulations-tammi-jones","status":"publish","type":"page","link":"https:\/\/www.n2growth.com\/fr\/congratulations-tammi-jones\/","title":{"rendered":"F\u00e9licitations Tammi Jones"},"content":{"rendered":"<section class=\"l-section wpb_row us_custom_462a4039 height_medium\"><div class=\"l-section-h i-cf\"><div class=\"g-cols vc_row via_grid cols_1 laptops-cols_inherit tablets-cols_inherit mobiles-cols_1 valign_top type_default stacking_default\"><div class=\"wpb_column vc_column_container\"><div class=\"vc_column-inner\"><h1 style=\"text-align: left;font-family:Libre Baskerville;font-weight:700;font-style:normal\" class=\"vc_custom_heading vc_do_custom_heading us_custom_4557d01f\" >F\u00e9licitations Tammi Jones,<br \/>\nN2Growth 2025 Leaders40 Meilleur DRH<\/h1><div class=\"w-separator size_custom\" style=\"height:10px\"><\/div><div class=\"wpb_text_column us_custom_eb849559\"><div class=\"wpb_wrapper\"><p>Nous sommes honor\u00e9s de vous r\u00e9compenser pour votre leadership, votre impact et votre engagement envers l&#039;avancement de la profession RH. Vos r\u00e9alisations continuent d&#039;inspirer l&#039;excellence au sein de la communaut\u00e9 des dirigeants RH. Visionnez ce message vid\u00e9o sp\u00e9cial c\u00e9l\u00e9brant votre reconnaissance. <\/p>\n<\/div><\/div><div class=\"w-separator size_medium\"><\/div><div class=\"w-video align_none ratio_16x9 with_overlay\" style=\"background-image:url(https:\/\/www.n2growth.com\/wp-content\/uploads\/2025\/10\/CHRO-congrats-video-thumbnail.png);\" onclick=\"return {&quot;player_html&quot;:&quot;&lt;video  preload=\\&quot;none\\&quot; playsinline controls autoplay&gt;&lt;source type=\\&quot;video\\\/mp4\\&quot; src=\\&quot;https:\\\/\\\/www.n2growth.com\\\/congratulations\\\/Tammi-Jones.mp4\\&quot; \\\/&gt;&lt;\\\/video&gt;&quot;}\"><button class=\"w-video-play\" type=\"button\" aria-label=\"Conf\u00e9rence\"><span class=\"w-video-play-icon\" style=\"font-size:1.5rem;background:rgba(0,0,0,0.5);color:#fff\"><\/span><\/button><div class=\"w-video-h\"><video  preload=\"none\" playsinline controls autoplay><source type=\"video\/mp4\" src=\"https:\/\/www.n2growth.com\/congratulations\/Tammi-Jones.mp4\" \/><\/video><\/div><\/div><div class=\"w-separator size_medium\"><\/div><\/div><\/div><\/div><\/div><\/section>","protected":false},"excerpt":{"rendered":"F\u00e9licitations \u00e0 Tammi Jones, nomm\u00e9e parmi les 40 meilleurs DRH par N2Growth en 2025\u00a0! Nous sommes honor\u00e9s de vous distinguer pour votre leadership, votre impact et votre engagement envers l\u2019avancement de la profession RH. Vos r\u00e9alisations continuent d\u2019inspirer l\u2019excellence au sein de la communaut\u00e9 des responsables RH. Nous vous invitons \u00e0 visionner ce message vid\u00e9o sp\u00e9cial c\u00e9l\u00e9brant votre distinction.","protected":false},"author":1,"featured_media":0,"parent":0,"menu_order":0,"comment_status":"closed","ping_status":"closed","template":"","meta":{"footnotes":""},"page_category":[],"class_list":["post-141887","page","type-page","status-publish","hentry"],"yoast_head":"<!-- This site is optimized with the Yoast SEO Premium plugin v27.5 (Yoast SEO v27.5) - https:\/\/yoast.com\/product\/yoast-seo-premium-wordpress\/ -->\n<title>Congratulations Tammi Jones - N2Growth<\/title>\n<meta name=\"robots\" content=\"noindex, nofollow\" \/>\n<meta property=\"og:locale\" content=\"fr_FR\" \/>\n<meta property=\"og:type\" content=\"article\" \/>\n<meta property=\"og:title\" content=\"Congratulations Tammi Jones\" \/>\n<meta property=\"og:url\" content=\"https:\/\/www.n2growth.com\/fr\/congratulations-tammi-jones\/\" \/>\n<meta property=\"og:site_name\" content=\"N2Growth\" \/>\n<meta property=\"article:publisher\" content=\"https:\/\/www.facebook.com\/n2growth\" \/>\n<meta name=\"twitter:card\" content=\"summary_large_image\" \/>\n<meta name=\"twitter:site\" content=\"@n2growth\" \/>\n<meta name=\"twitter:label1\" content=\"Dur\u00e9e de lecture estim\u00e9e\" \/>\n\t<meta name=\"twitter:data1\" content=\"1 minute\" \/>\n<!-- \/ Yoast SEO Premium plugin. -->","yoast_head_json":{"title":"F\u00e9licitations \u00e0 Tammi Jones - N2Growth","robots":{"index":"noindex","follow":"nofollow"},"og_locale":"fr_FR","og_type":"article","og_title":"Congratulations Tammi Jones","og_url":"https:\/\/www.n2growth.com\/fr\/congratulations-tammi-jones\/","og_site_name":"N2Growth","article_publisher":"https:\/\/www.facebook.com\/n2growth","twitter_card":"summary_large_image","twitter_site":"@n2growth","twitter_misc":{"Dur\u00e9e de lecture estim\u00e9e":"1 minute"},"schema":{"@context":"https:\/\/schema.org","@graph":[{"@type":"WebPage","@id":"https:\/\/www.n2growth.com\/congratulations-tammi-jones\/","url":"https:\/\/www.n2growth.com\/congratulations-tammi-jones\/","name":"F\u00e9licitations \u00e0 Tammi Jones - N2Growth","isPartOf":{"@id":"https:\/\/www.n2growth.com\/#website"},"datePublished":"2025-10-15T11:13:26+00:00","breadcrumb":{"@id":"https:\/\/www.n2growth.com\/congratulations-tammi-jones\/#breadcrumb"},"inLanguage":"fr-FR","potentialAction":[{"@type":"ReadAction","target":["https:\/\/www.n2growth.com\/congratulations-tammi-jones\/"]}]},{"@type":"BreadcrumbList","@id":"https:\/\/www.n2growth.com\/congratulations-tammi-jones\/#breadcrumb","itemListElement":[{"@type":"ListItem","position":1,"name":"Home","item":"https:\/\/www.n2growth.com\/"},{"@type":"ListItem","position":2,"name":"Congratulations Tammi Jones"}]},{"@type":"WebSite","@id":"https:\/\/www.n2growth.com\/#website","url":"https:\/\/www.n2growth.com\/","name":"N2Growth","description":"Nous trouvons et d\u00e9veloppons les meilleurs leaders du monde","publisher":{"@id":"https:\/\/www.n2growth.com\/#organization"},"alternateName":"N2 Growth","potentialAction":[{"@type":"SearchAction","target":{"@type":"EntryPoint","urlTemplate":"https:\/\/www.n2growth.com\/?s={search_term_string}"},"query-input":{"@type":"PropertyValueSpecification","valueRequired":true,"valueName":"search_term_string"}}],"inLanguage":"fr-FR"},{"@type":"Organization","@id":"https:\/\/www.n2growth.com\/#organization","name":"N2Growth","alternateName":"N2 Growth","url":"https:\/\/www.n2growth.com\/","logo":{"@type":"ImageObject","inLanguage":"fr-FR","@id":"https:\/\/www.n2growth.com\/#\/schema\/logo\/image\/","url":"https:\/\/www.n2growth.com\/wp-content\/uploads\/2019\/05\/N2Growth-Logo-Dark.png","contentUrl":"https:\/\/www.n2growth.com\/wp-content\/uploads\/2019\/05\/N2Growth-Logo-Dark.png","width":500,"height":142,"caption":"N2Growth"},"image":{"@id":"https:\/\/www.n2growth.com\/#\/schema\/logo\/image\/"},"sameAs":["https:\/\/www.facebook.com\/n2growth","https:\/\/x.com\/n2growth","https:\/\/www.instagram.com\/n2growth","https:\/\/www.linkedin.com\/company\/n2growth","https:\/\/www.pinterest.com\/gon2growth\/","https:\/\/www.youtube.com\/c\/n2growth-"],"description":"Cabinet international de recrutement de cadres, de coaching ex\u00e9cutif et de conseil en leadership","email":"press@n2growth.com","telephone":"+18009444662","legalName":"N2Growth Inc.","foundingDate":"2006-05-01","numberOfEmployees":{"@type":"QuantitativeValue","minValue":"51","maxValue":"200"}}]}},"_links":{"self":[{"href":"https:\/\/www.n2growth.com\/fr\/wp-json\/wp\/v2\/pages\/141887","targetHints":{"allow":["GET"]}}],"collection":[{"href":"https:\/\/www.n2growth.com\/fr\/wp-json\/wp\/v2\/pages"}],"about":[{"href":"https:\/\/www.n2growth.com\/fr\/wp-json\/wp\/v2\/types\/page"}],"author":[{"embeddable":true,"href":"https:\/\/www.n2growth.com\/fr\/wp-json\/wp\/v2\/users\/1"}],"replies":[{"embeddable":true,"href":"https:\/\/www.n2growth.com\/fr\/wp-json\/wp\/v2\/comments?post=141887"}],"version-history":[{"count":0,"href":"https:\/\/www.n2growth.com\/fr\/wp-json\/wp\/v2\/pages\/141887\/revisions"}],"wp:attachment":[{"href":"https:\/\/www.n2growth.com\/fr\/wp-json\/wp\/v2\/media?parent=141887"}],"wp:term":[{"taxonomy":"page_category","embeddable":true,"href":"https:\/\/www.n2growth.com\/fr\/wp-json\/wp\/v2\/page_category?post=141887"}],"curies":[{"name":"wp","href":"https:\/\/api.w.org\/{rel}","templated":true}]}}