{"id":45461,"date":"2016-02-23T15:50:06","date_gmt":"2016-02-23T14:50:06","guid":{"rendered":"https:\/\/undsgn.com\/uncode\/?page_id=45461"},"modified":"2024-09-11T21:45:15","modified_gmt":"2024-09-12T01:45:15","slug":"page-404","status":"publish","type":"page","link":"https:\/\/www.n2growth.com\/fr\/page-404\/","title":{"rendered":"Page 404"},"content":{"rendered":"<section class=\"l-section wpb_row us_custom_53887ff9 hero-image height_auto width_full\"><div class=\"l-section-h i-cf\"><div class=\"g-cols vc_row via_grid cols_1 laptops-cols_inherit tablets-cols_inherit mobiles-cols_1 valign_top type_default stacking_default\"><div class=\"wpb_column vc_column_container us_custom_2479fec8\"><div class=\"vc_column-inner\"><div class=\"w-image us_custom_6439e92c hero-image-container has_height align_center has_bg_color\"><div class=\"w-image-h\"><img fetchpriority=\"high\" decoding=\"async\" width=\"3431\" height=\"3431\" src=\"https:\/\/www.n2growth.com\/wp-content\/uploads\/2019\/05\/emmanuel-kontokalos-652241-unsplash.jpg\" class=\"attachment-full size-full\" alt=\"\" loading=\"eager\" srcset=\"https:\/\/www.n2growth.com\/wp-content\/uploads\/2019\/05\/emmanuel-kontokalos-652241-unsplash.jpg 3431w, https:\/\/www.n2growth.com\/wp-content\/uploads\/2019\/05\/emmanuel-kontokalos-652241-unsplash-150x150.jpg 150w, https:\/\/www.n2growth.com\/wp-content\/uploads\/2019\/05\/emmanuel-kontokalos-652241-unsplash-300x300.jpg 300w, https:\/\/www.n2growth.com\/wp-content\/uploads\/2019\/05\/emmanuel-kontokalos-652241-unsplash-768x768.jpg 768w, https:\/\/www.n2growth.com\/wp-content\/uploads\/2019\/05\/emmanuel-kontokalos-652241-unsplash-1024x1024.jpg 1024w, https:\/\/www.n2growth.com\/wp-content\/uploads\/2019\/05\/emmanuel-kontokalos-652241-unsplash-600x600.jpg 600w, https:\/\/www.n2growth.com\/wp-content\/uploads\/2019\/05\/emmanuel-kontokalos-652241-unsplash-100x100.jpg 100w, https:\/\/www.n2growth.com\/wp-content\/uploads\/2019\/05\/emmanuel-kontokalos-652241-unsplash-uai-450x450.jpg 450w\" sizes=\"(max-width: 3431px) 100vw, 3431px\" \/><\/div><\/div><\/div><\/div><\/div><\/div><\/section><section class=\"l-section wpb_row us_custom_5f5000b4 height_medium\"><div class=\"l-section-overlay\" style=\"background:linear-gradient(90deg,rgba(218,174,42,0.64),rgb(242,133,61))\"><\/div><div class=\"l-section-h i-cf\"><div class=\"g-cols vc_row via_grid cols_1 laptops-cols_inherit tablets-cols_inherit mobiles-cols_1 valign_top type_default stacking_default\"><div class=\"wpb_column vc_column_container\"><div class=\"vc_column-inner\"><h1 style=\"text-align: center\" class=\"vc_custom_heading vc_do_custom_heading us_custom_126dfa2a\" >404<\/h1><p style=\"text-align: center\" class=\"vc_custom_heading vc_do_custom_heading us_custom_d39921b8\" >Page non trouv\u00e9e<\/p><div class=\"wpb_text_column us_custom_e1acd57f has_text_color\"><div class=\"wpb_wrapper\"><p><span>Nous sommes d\u00e9sol\u00e9s que vous n&#039;ayez pas trouv\u00e9 ce que vous cherchiez, souhaitez-vous effectuer une nouvelle recherche ?<\/span><\/p>\n<\/div><\/div><div class=\"w-separator size_small\"><\/div><div class=\"vc_separator wpb_content_element vc_separator_align_center vc_sep_width_100 vc_sep_pos_align_center vc_separator_no_text vc_sep_color_grey wpb_content_element  wpb_content_element\" ><span class=\"vc_sep_holder vc_sep_holder_l\"><span class=\"vc_sep_line\"><\/span><\/span><span class=\"vc_sep_holder vc_sep_holder_r\"><span class=\"vc_sep_line\"><\/span><\/span>\n<\/div><div class=\"vc_empty_space\"   style=\"height: 32px\"><span class=\"vc_empty_space_inner\"><\/span><\/div><div  class=\"vc_wp_search wpb_content_element\"><div class=\"widget widget_search\"><form role=\"search\" method=\"get\" class=\"search-form\" action=\"https:\/\/www.n2growth.com\/fr\/\" data-trp-original-action=\"https:\/\/www.n2growth.com\/fr\/\">\n\t\t\t\t<label>\n\t\t\t\t\t<span class=\"screen-reader-text\">Rechercher\u00a0:<\/span>\n\t\t\t\t\t<input type=\"search\" class=\"search-field\" placeholder=\"Rechercher\u2026\" value=\"\" name=\"s\" \/>\n\t\t\t\t<\/label>\n\t\t\t\t<input type=\"submit\" class=\"search-submit\" value=\"Rechercher\" \/>\n\t\t\t<input type=\"hidden\" name=\"trp-form-language\" value=\"fr\"\/><\/form><\/div><\/div><div class=\"vc_empty_space\"   style=\"height: 32px\"><span class=\"vc_empty_space_inner\"><\/span><\/div><div class=\"g-cols wpb_row via_grid cols_4 laptops-cols_inherit tablets-cols_inherit mobiles-cols_1 valign_top type_default stacking_default\" style=\"--columns-gap:3rem;\"><div class=\"wpb_column vc_column_container\"><div class=\"vc_column-inner\"><div class=\"w-btn-wrapper align_center\"><a class=\"w-btn us-btn-style_8 wd100\" href=\"https:\/\/www.n2growth.com\/fr\/services\/\"><span class=\"w-btn-label\">Services<\/span><\/a><\/div><\/div><\/div><div class=\"wpb_column vc_column_container\"><div class=\"vc_column-inner\"><div class=\"w-btn-wrapper align_center\"><a class=\"w-btn us-btn-style_8 wd100\" href=\"https:\/\/www.n2growth.com\/blog\/\"><span class=\"w-btn-label\">Blog<\/span><\/a><\/div><\/div><\/div><div class=\"wpb_column vc_column_container\"><div class=\"vc_column-inner\"><div class=\"w-btn-wrapper align_center\"><a class=\"w-btn us-btn-style_8 wd100\" href=\"https:\/\/www.n2growth.com\/news\/\"><span class=\"w-btn-label\">Actualit\u00e9s<\/span><\/a><\/div><\/div><\/div><div class=\"wpb_column vc_column_container\"><div class=\"vc_column-inner\"><div class=\"w-btn-wrapper align_center\"><a class=\"w-btn us-btn-style_8 wd100\" href=\"https:\/\/www.n2growth.com\/fr\/team\/\"><span class=\"w-btn-label\">\u00c9quipe<\/span><\/a><\/div><\/div><\/div><\/div><div class=\"vc_empty_space\"   style=\"height: 32px\"><span class=\"vc_empty_space_inner\"><\/span><\/div><div class=\"w-btn-wrapper align_center\"><a class=\"w-btn us-btn-style_9 icon_atleft\" href=\"https:\/\/www.n2growth.com\/fr\/\"><i class=\"fas fa-arrow-left\"><\/i><span class=\"w-btn-label\">Retour \u00e0 la page d&#039;accueil<\/span><\/a><\/div><\/div><\/div><\/div><\/div><\/section>","protected":false},"excerpt":{"rendered":"404Page Not FoundWe&#8217;re sorry you couldn&#8217;t find what you are looking for, would you like to search again? Rechercher\u00a0: ServicesBlogNewsTeamBack to Homepage","protected":false},"author":1,"featured_media":0,"parent":0,"menu_order":0,"comment_status":"closed","ping_status":"closed","template":"","meta":{"footnotes":""},"page_category":[],"class_list":["post-45461","page","type-page","status-publish","hentry"],"yoast_head":"<!-- This site is optimized with the Yoast SEO Premium plugin v27.3 (Yoast SEO v27.3) - https:\/\/yoast.com\/product\/yoast-seo-premium-wordpress\/ -->\n<title>Page 404 - N2Growth<\/title>\n<meta name=\"description\" content=\"Page not found. We&#039;re sorry you couldn&#039;t find what you are looking for.\" \/>\n<meta name=\"robots\" content=\"noindex, nofollow\" \/>\n<meta property=\"og:locale\" content=\"fr_FR\" \/>\n<meta property=\"og:type\" content=\"article\" \/>\n<meta property=\"og:title\" content=\"Page 404\" \/>\n<meta property=\"og:description\" content=\"Page not found. We&#039;re sorry you couldn&#039;t find what you are looking for.\" \/>\n<meta property=\"og:url\" content=\"https:\/\/www.n2growth.com\/fr\/page-404\/\" \/>\n<meta property=\"og:site_name\" content=\"N2Growth\" \/>\n<meta property=\"article:publisher\" content=\"https:\/\/www.facebook.com\/n2growth\" \/>\n<meta property=\"article:modified_time\" content=\"2024-09-12T01:45:15+00:00\" \/>\n<meta name=\"twitter:card\" content=\"summary_large_image\" \/>\n<meta name=\"twitter:site\" content=\"@n2growth\" \/>\n<meta name=\"twitter:label1\" content=\"Dur\u00e9e de lecture estim\u00e9e\" \/>\n\t<meta name=\"twitter:data1\" content=\"1 minute\" \/>\n<!-- \/ Yoast SEO Premium plugin. -->","yoast_head_json":{"title":"Page 404 - Croissance N2","description":"Page non trouv\u00e9e. Nous sommes d\u00e9sol\u00e9s que vous n&#039;ayez pas trouv\u00e9 ce que vous cherchez.","robots":{"index":"noindex","follow":"nofollow"},"og_locale":"fr_FR","og_type":"article","og_title":"Page 404","og_description":"Page not found. We're sorry you couldn't find what you are looking for.","og_url":"https:\/\/www.n2growth.com\/fr\/page-404\/","og_site_name":"N2Growth","article_publisher":"https:\/\/www.facebook.com\/n2growth","article_modified_time":"2024-09-12T01:45:15+00:00","twitter_card":"summary_large_image","twitter_site":"@n2growth","twitter_misc":{"Dur\u00e9e de lecture estim\u00e9e":"1 minute"},"schema":{"@context":"https:\/\/schema.org","@graph":[{"@type":"WebPage","@id":"https:\/\/www.n2growth.com\/page-404\/","url":"https:\/\/www.n2growth.com\/page-404\/","name":"Page 404 - Croissance N2","isPartOf":{"@id":"https:\/\/www.n2growth.com\/#website"},"datePublished":"2016-02-23T14:50:06+00:00","dateModified":"2024-09-12T01:45:15+00:00","description":"Page non trouv\u00e9e. Nous sommes d\u00e9sol\u00e9s que vous n&#039;ayez pas trouv\u00e9 ce que vous cherchez.","breadcrumb":{"@id":"https:\/\/www.n2growth.com\/page-404\/#breadcrumb"},"inLanguage":"fr-FR","potentialAction":[{"@type":"ReadAction","target":["https:\/\/www.n2growth.com\/page-404\/"]}]},{"@type":"BreadcrumbList","@id":"https:\/\/www.n2growth.com\/page-404\/#breadcrumb","itemListElement":[{"@type":"ListItem","position":1,"name":"Home","item":"https:\/\/www.n2growth.com\/"},{"@type":"ListItem","position":2,"name":"Page 404"}]},{"@type":"WebSite","@id":"https:\/\/www.n2growth.com\/#website","url":"https:\/\/www.n2growth.com\/","name":"N2Growth","description":"Nous trouvons et d\u00e9veloppons les meilleurs leaders du monde","publisher":{"@id":"https:\/\/www.n2growth.com\/#organization"},"alternateName":"N2 Growth","potentialAction":[{"@type":"SearchAction","target":{"@type":"EntryPoint","urlTemplate":"https:\/\/www.n2growth.com\/?s={search_term_string}"},"query-input":{"@type":"PropertyValueSpecification","valueRequired":true,"valueName":"search_term_string"}}],"inLanguage":"fr-FR"},{"@type":"Organization","@id":"https:\/\/www.n2growth.com\/#organization","name":"N2Growth","alternateName":"N2 Growth","url":"https:\/\/www.n2growth.com\/","logo":{"@type":"ImageObject","inLanguage":"fr-FR","@id":"https:\/\/www.n2growth.com\/#\/schema\/logo\/image\/","url":"https:\/\/www.n2growth.com\/wp-content\/uploads\/2019\/05\/N2Growth-Logo-Dark.png","contentUrl":"https:\/\/www.n2growth.com\/wp-content\/uploads\/2019\/05\/N2Growth-Logo-Dark.png","width":500,"height":142,"caption":"N2Growth"},"image":{"@id":"https:\/\/www.n2growth.com\/#\/schema\/logo\/image\/"},"sameAs":["https:\/\/www.facebook.com\/n2growth","https:\/\/x.com\/n2growth","https:\/\/www.instagram.com\/n2growth","https:\/\/www.linkedin.com\/company\/n2growth","https:\/\/www.pinterest.com\/gon2growth\/","https:\/\/www.youtube.com\/c\/n2growth-"],"description":"Cabinet international de recrutement de cadres, de coaching ex\u00e9cutif et de conseil en leadership","email":"press@n2growth.com","telephone":"+18009444662","legalName":"N2Growth Inc.","foundingDate":"2006-05-01","numberOfEmployees":{"@type":"QuantitativeValue","minValue":"51","maxValue":"200"}}]}},"_links":{"self":[{"href":"https:\/\/www.n2growth.com\/fr\/wp-json\/wp\/v2\/pages\/45461","targetHints":{"allow":["GET"]}}],"collection":[{"href":"https:\/\/www.n2growth.com\/fr\/wp-json\/wp\/v2\/pages"}],"about":[{"href":"https:\/\/www.n2growth.com\/fr\/wp-json\/wp\/v2\/types\/page"}],"author":[{"embeddable":true,"href":"https:\/\/www.n2growth.com\/fr\/wp-json\/wp\/v2\/users\/1"}],"replies":[{"embeddable":true,"href":"https:\/\/www.n2growth.com\/fr\/wp-json\/wp\/v2\/comments?post=45461"}],"version-history":[{"count":0,"href":"https:\/\/www.n2growth.com\/fr\/wp-json\/wp\/v2\/pages\/45461\/revisions"}],"wp:attachment":[{"href":"https:\/\/www.n2growth.com\/fr\/wp-json\/wp\/v2\/media?parent=45461"}],"wp:term":[{"taxonomy":"page_category","embeddable":true,"href":"https:\/\/www.n2growth.com\/fr\/wp-json\/wp\/v2\/page_category?post=45461"}],"curies":[{"name":"wp","href":"https:\/\/api.w.org\/{rel}","templated":true}]}}